{"id":5214,"date":"2016-05-05T12:41:38","date_gmt":"2016-05-05T12:41:38","guid":{"rendered":"http:\/\/www.estudio5con6.es\/?page_id=5214"},"modified":"2016-06-16T09:12:09","modified_gmt":"2016-06-16T09:12:09","slug":"precios","status":"publish","type":"page","link":"https:\/\/www.estudio5con6.es\/index.php\/informacion\/precios\/","title":{"rendered":"Precios"},"content":{"rendered":"<div id=\"themify_builder_content-5214\" data-postid=\"5214\" class=\"themify_builder_content themify_builder_content-5214 themify_builder themify_builder_front\">\n\n\t\n                <!-- module_row -->\n                <div data-gutter=\"gutter-default\" class=\"themify_builder_row themify_builder_5214_row module_row module_row_0 clearfix gutter-default\"                      data-equal-column-height=\"\">\n\n                    \n                    \n                    <div class=\"row_inner_wrapper\">\n                        <div class=\"row_inner\">\n\n                            \n                            \n                                \n                                        <div class=\"col5-1 first tb-column  tb_5214_column module_column_0 module_column\" >\n\n                                            \n                                            \n                                            <div class=\"tb-column-inner\">\n\n                                                \n                                                \n                                                    \n\n<div id=\"pricing-table-5214-0-0-1\" class=\"ui light-green module module-pricing-table pricing-table-5214-0-0-1 rounded gradient \">\n\n\t\n\t\n\t\t<div class=\"module-pricing-table-header ui light-green rounded|gradient\" >\n\t\t\t\t\t\t<span class=\"module-pricing-table-title\">\n\t\t\t\t\t\t\t\t<span >Sesi\u00f3n Recien Nacido<\/span>\n\t\t\t<\/span>\n\t\t\t\t\t\t\t\t\t\t<span class=\"module-pricing-table-price\">120\u20ac<\/span>\n\t\t\t\t\t\t\t\t\t\t\t<\/div><!-- .module-pricing-table-header -->\n\n\t\t<div class=\"module-pricing-table-content\" style=\"background-color:#;\">\n\t\t\t\t\t\t\t<p class=\"module-pricing-table-features\">Sesi\u00f3n planificada previamente<\/p>\n\t\t\t\t\t\t\t<p class=\"module-pricing-table-features\">En vuestra propia casa<\/p>\n\t\t\t\t\t\t\t<p class=\"module-pricing-table-features\">Para bebes de menos de 15 d\u00edas<\/p>\n\t\t\t\t\t\t\t<p class=\"module-pricing-table-features\">Sesi\u00f3n + Ampliaci\u00f3n 50x70<\/p>\n\t\t\t\t\t\t\t\t\t\t<a class=\"module-pricing-table-button lightbox-builder lightbox  ui light-green rounded|gradient\" href=\"~\/new\/index.php\/sesion-recien-nacido\/?iframe=true&width=100%&height=100%\" >\n\t\t\t\t\tLEER MAS \n\t\t\t\t<\/a> \n\t\t\t\t<\/div><!-- .module-pricing-table-content -->\n\n\t\n<\/div><!-- \/module pricing-table -->\n\n                                                    <\/div>\n                                                    <!-- \/.tb-column-inner -->\n                                                                                                <\/div>\n                                            <!-- \/.tb-column -->\n                                        \n                                        <div class=\"col5-1 second tb-column  tb_5214_column module_column_1 module_column\" >\n\n                                            \n                                            \n                                            <div class=\"tb-column-inner\">\n\n                                                \n                                                \n                                                    \n\n<div id=\"pricing-table-5214-0-1-1\" class=\"ui light-green module module-pricing-table pricing-table-5214-0-1-1 rounded gradient \">\n\n\t\n\t\n\t\t<div class=\"module-pricing-table-header ui light-green rounded|gradient\" >\n\t\t\t\t\t\t<span class=\"module-pricing-table-title\">\n\t\t\t\t\t\t\t\t<span >Reportaje de Comuni\u00f3n<\/span>\n\t\t\t<\/span>\n\t\t\t\t\t\t\t\t\t\t<span class=\"module-pricing-table-price\">+ 390\u20ac<\/span>\n\t\t\t\t\t\t\t\t\t\t\t<\/div><!-- .module-pricing-table-header -->\n\n\t\t<div class=\"module-pricing-table-content\" style=\"background-color:#;\">\n\t\t\t\t\t\t\t<p class=\"module-pricing-table-features\">Incluida sesi\u00f3n de interior + exterior<\/p>\n\t\t\t\t\t\t\t<p class=\"module-pricing-table-features\">4 tama\u00f1os de \u00e1lbumes<\/p>\n\t\t\t\t\t\t\t<p class=\"module-pricing-table-features\">Opci\u00f3n r\u00e9plicas mini-\u00e1lbumes para los abuelos<\/p>\n\t\t\t\t\t\t\t<p class=\"module-pricing-table-features\">Maletas, bolsas personalizadas, cajas de madera<\/p>\n\t\t\t\t\t\t\t\t\t\t<a class=\"module-pricing-table-button lightbox-builder lightbox  ui light-green rounded|gradient\" href=\"~\/new\/index.php\/reportaje-de-comunion\/?iframe=true&width=100%&height=100%\" >\n\t\t\t\t\tLEER MAS \n\t\t\t\t<\/a> \n\t\t\t\t<\/div><!-- .module-pricing-table-content -->\n\n\t\n<\/div><!-- \/module pricing-table -->\n\n                                                    <\/div>\n                                                    <!-- \/.tb-column-inner -->\n                                                                                                <\/div>\n                                            <!-- \/.tb-column -->\n                                        \n                                        <div class=\"col5-1 third tb-column  tb_5214_column module_column_2 module_column\" >\n\n                                            \n                                            \n                                            <div class=\"tb-column-inner\">\n\n                                                \n                                                \n                                                    \n\n<div id=\"pricing-table-5214-0-2-1\" class=\"ui light-green module module-pricing-table pricing-table-5214-0-2-1 rounded gradient  pricing-pop\">\n\n\t\n\t\t\t<span class=\"fa module-pricing-table-pop\">Recomendado<\/span>\n\t\n\t\t<div class=\"module-pricing-table-header ui light-green rounded|gradient\" >\n\t\t\t\t\t\t<span class=\"module-pricing-table-title\">\n\t\t\t\t\t\t\t\t<span >Sesi\u00f3n Estudio o Exteriores<\/span>\n\t\t\t<\/span>\n\t\t\t\t\t\t\t\t\t\t<span class=\"module-pricing-table-price\">90\u20ac<\/span>\n\t\t\t\t\t\t\t\t\t\t\t<\/div><!-- .module-pricing-table-header -->\n\n\t\t<div class=\"module-pricing-table-content\" style=\"background-color:#;\">\n\t\t\t\t\t\t\t<p class=\"module-pricing-table-features\">Duraci\u00f3n sesi\u00f3n 1 hora<\/p>\n\t\t\t\t\t\t\t<p class=\"module-pricing-table-features\">Planificaci\u00f3n Previa<\/p>\n\t\t\t\t\t\t\t<p class=\"module-pricing-table-features\">Revisi\u00f3n del trabajo por el cliente<\/p>\n\t\t\t\t\t\t\t<p class=\"module-pricing-table-features\">Archivos digitales, lienzos, \u00e1lbumes, etc<\/p>\n\t\t\t\t\t\t\t\t\t\t<a class=\"module-pricing-table-button lightbox-builder lightbox  ui light-green rounded|gradient\" href=\"~\/new\/index.php\/sesion-de-estudio-o-exteriores\/?iframe=true&width=100%&height=100%\" >\n\t\t\t\t\tLEER MAS \n\t\t\t\t<\/a> \n\t\t\t\t<\/div><!-- .module-pricing-table-content -->\n\n\t\n<\/div><!-- \/module pricing-table -->\n\n                                                    <\/div>\n                                                    <!-- \/.tb-column-inner -->\n                                                                                                <\/div>\n                                            <!-- \/.tb-column -->\n                                        \n                                        <div class=\"col5-1 fourth tb-column  tb_5214_column module_column_3 module_column\" >\n\n                                            \n                                            \n                                            <div class=\"tb-column-inner\">\n\n                                                \n                                                \n                                                    \n\n<div id=\"pricing-table-5214-0-3-1\" class=\"ui light-green module module-pricing-table pricing-table-5214-0-3-1 rounded gradient \">\n\n\t\n\t\n\t\t<div class=\"module-pricing-table-header ui light-green rounded|gradient\" >\n\t\t\t\t\t\t<span class=\"module-pricing-table-title\">\n\t\t\t\t\t\t\t\t<span >Reportaje de Boda + \u00c1lbum<\/span>\n\t\t\t<\/span>\n\t\t\t\t\t\t\t\t\t\t<span class=\"module-pricing-table-price\">+ 1300\u20ac<\/span>\n\t\t\t\t\t\t\t\t\t\t\t<\/div><!-- .module-pricing-table-header -->\n\n\t\t<div class=\"module-pricing-table-content\" style=\"background-color:#;\">\n\t\t\t\t\t\t\t<p class=\"module-pricing-table-features\">Os acompa\u00f1amos todo el d\u00eda<\/p>\n\t\t\t\t\t\t\t<p class=\"module-pricing-table-features\">2 fot\u00f3grafos hasta el banquete<\/p>\n\t\t\t\t\t\t\t<p class=\"module-pricing-table-features\">Opci\u00f3n postboda y preboda<\/p>\n\t\t\t\t\t\t\t<p class=\"module-pricing-table-features\">Opci\u00f3n compra archivos digitales<\/p>\n\t\t\t\t\t\t\t\t\t\t<a class=\"module-pricing-table-button lightbox-builder lightbox  ui light-green rounded|gradient\" href=\"~\/new\/index.php\/reportaje-de-boda-album\/?iframe=true&width=100%&height=100%\" >\n\t\t\t\t\tLEER MAS \n\t\t\t\t<\/a> \n\t\t\t\t<\/div><!-- .module-pricing-table-content -->\n\n\t\n<\/div><!-- \/module pricing-table -->\n\n                                                    <\/div>\n                                                    <!-- \/.tb-column-inner -->\n                                                                                                <\/div>\n                                            <!-- \/.tb-column -->\n                                        \n                                        <div class=\"col5-1 last tb-column  tb_5214_column module_column_4 module_column\" >\n\n                                            \n                                            \n                                            <div class=\"tb-column-inner\">\n\n                                                \n                                                \n                                                    \n\n<div id=\"pricing-table-5214-0-4-1\" class=\"ui light-green module module-pricing-table pricing-table-5214-0-4-1 rounded gradient \">\n\n\t\n\t\n\t\t<div class=\"module-pricing-table-header ui light-green rounded|gradient\" >\n\t\t\t\t\t\t<span class=\"module-pricing-table-title\">\n\t\t\t\t\t\t\t\t<span >Fotograf\u00eda de Producto<\/span>\n\t\t\t<\/span>\n\t\t\t\t\t\t\t\t\t\t<span class=\"module-pricing-table-price\">30\u20ac\/h<\/span>\n\t\t\t\t\t\t\t\t\t\t\t<\/div><!-- .module-pricing-table-header -->\n\n\t\t<div class=\"module-pricing-table-content\" style=\"background-color:#;\">\n\t\t\t\t\t\t\t<p class=\"module-pricing-table-features\">Desde 10\u20ac por foto para menos de 50 productos<\/p>\n\t\t\t\t\t\t\t<p class=\"module-pricing-table-features\">Desde 9\u20ac por foto de 50 a 100 productos<\/p>\n\t\t\t\t\t\t\t<p class=\"module-pricing-table-features\">Desde 8\u20ac por foto de 100 a 200 productos<\/p>\n\t\t\t\t\t\t\t<p class=\"module-pricing-table-features\">En estudio o en tu empresa<\/p>\n\t\t\t\t\t\t\t\t\t\t<a class=\"module-pricing-table-button lightbox-builder lightbox  ui light-green rounded|gradient\" href=\"~\/new\/index.php\/fotografia-de-producto?iframe=true&width=100%&height=100%\" >\n\t\t\t\t\tLEER MAS \n\t\t\t\t<\/a> \n\t\t\t\t<\/div><!-- .module-pricing-table-content -->\n\n\t\n<\/div><!-- \/module pricing-table -->\n\n                                                    <\/div>\n                                                    <!-- \/.tb-column-inner -->\n                                                                                                <\/div>\n                                            <!-- \/.tb-column -->\n                                        \n                                    \n                                    \n                                \n                            <\/div>\n                            <!-- \/row_inner -->\n                        <\/div>\n                        <!-- \/row_inner_wrapper -->\n                    <\/div>\n                    <!-- \/module_row -->\n                    \n<\/div>\n<!-- \/themify_builder_content -->","protected":false},"excerpt":{"rendered":"","protected":false},"author":1,"featured_media":0,"parent":5011,"menu_order":0,"comment_status":"closed","ping_status":"closed","template":"","meta":{"footnotes":""},"class_list":["post-5214","page","type-page","status-publish","hentry","has-post-title","no-post-date","has-post-category","has-post-tag","has-post-comment","has-post-author"],"_links":{"self":[{"href":"https:\/\/www.estudio5con6.es\/index.php\/wp-json\/wp\/v2\/pages\/5214","targetHints":{"allow":["GET"]}}],"collection":[{"href":"https:\/\/www.estudio5con6.es\/index.php\/wp-json\/wp\/v2\/pages"}],"about":[{"href":"https:\/\/www.estudio5con6.es\/index.php\/wp-json\/wp\/v2\/types\/page"}],"author":[{"embeddable":true,"href":"https:\/\/www.estudio5con6.es\/index.php\/wp-json\/wp\/v2\/users\/1"}],"replies":[{"embeddable":true,"href":"https:\/\/www.estudio5con6.es\/index.php\/wp-json\/wp\/v2\/comments?post=5214"}],"version-history":[{"count":3,"href":"https:\/\/www.estudio5con6.es\/index.php\/wp-json\/wp\/v2\/pages\/5214\/revisions"}],"predecessor-version":[{"id":5357,"href":"https:\/\/www.estudio5con6.es\/index.php\/wp-json\/wp\/v2\/pages\/5214\/revisions\/5357"}],"up":[{"embeddable":true,"href":"https:\/\/www.estudio5con6.es\/index.php\/wp-json\/wp\/v2\/pages\/5011"}],"wp:attachment":[{"href":"https:\/\/www.estudio5con6.es\/index.php\/wp-json\/wp\/v2\/media?parent=5214"}],"curies":[{"name":"wp","href":"https:\/\/api.w.org\/{rel}","templated":true}]}}