{"id":5015,"date":"2016-05-05T08:59:10","date_gmt":"2016-05-05T08:59:10","guid":{"rendered":"http:\/\/www.estudio5con6.es\/?page_id=5015"},"modified":"2020-03-05T08:51:02","modified_gmt":"2020-03-05T08:51:02","slug":"como-trabajamos","status":"publish","type":"page","link":"https:\/\/www.estudio5con6.es\/index.php\/informacion\/como-trabajamos\/","title":{"rendered":"\u00bfComo Trabajamos?"},"content":{"rendered":"<p><img loading=\"lazy\" decoding=\"async\" class=\"size-full wp-image-5313 aligncenter\" src=\"https:\/\/www.estudio5con6.es\/wp-content\/uploads\/2016\/05\/IMG_0059.jpg\" alt=\"\" width=\"1160\" height=\"775\" srcset=\"https:\/\/www.estudio5con6.es\/wp-content\/uploads\/2016\/05\/IMG_0059.jpg 1160w, https:\/\/www.estudio5con6.es\/wp-content\/uploads\/2016\/05\/IMG_0059-300x200.jpg 300w, https:\/\/www.estudio5con6.es\/wp-content\/uploads\/2016\/05\/IMG_0059-768x513.jpg 768w, https:\/\/www.estudio5con6.es\/wp-content\/uploads\/2016\/05\/IMG_0059-1024x684.jpg 1024w\" sizes=\"auto, (max-width: 1160px) 100vw, 1160px\" \/><\/p>\n<p style=\"text-align: justify;\">EN UN REPORTAJE DE BODA:<\/p>\n<p style=\"text-align: justify;\">.- Cubrimos las bodas completas, os acompa\u00f1amos todo el d\u00eda, ya sea en ceremonias de ma\u00f1ana o de tarde.<\/p>\n<p style=\"text-align: justify;\">.- Comenzamos en casa del novio, para pasar a casa de la novia y dirigirnos a la ceremonia. A continuaci\u00f3n realizaremos el reportaje fotogr\u00e1fico, si no hab\u00e9is elegido la opci\u00f3n de post-boda, llegando al banquete y pasando al baile nupcial. Aqu\u00ed nos gusta acompa\u00f1aros un buen rato para disfrutar de las fotos del baile con los invitados y nos despedimos de vosotros hasta que volv\u00e1is del viaje.<\/p>\n<p style=\"text-align: justify;\">.- El servicio de un segundo fot\u00f3grafo lo hemos a\u00f1adido al presupuesto que os entregamos porque es algo que nos dem\u00e1ndais \u00faltimamente, sobre todo para acudir a vuestras casas a la misma hora y que la familia del novio no tenga que estas preparada con tanta antelaci\u00f3n.<\/p>\n<p style=\"text-align: justify;\">.- D\u00edas antes de la ceremonia nos gusta visitaros en el mismo lugar donde os vestir\u00e9is el d\u00eda de la ceremonia y es en ese momento donde aprovecharemos para fotografiar todos vuestros complementos, alianzas, arras, gemelos, zapatos, vestido de novia y traje de novio, etc.<\/p>\n<p style=\"text-align: justify;\">.- Tambi\u00e9n marcaremos los lugares donde quer\u00e9is realizar el reportaje fotogr\u00e1fico, ya sea el d\u00eda de la ceremonia o en la modalidad de postboda.<\/p>\n<p style=\"text-align: justify;\">.- \u00bfQue es una postboda? Una postboda es para aquellas parejas que deciden postponer el reportaje fotogr\u00e1fico que se hace despu\u00e9s de la ceremonia y antes del lunch, a un d\u00eda posterior al regreso del viaje de novios. La fecha se fijada a conveniencia despu\u00e9s de la vuelta de la luna de miel, y as\u00ed el mismo d\u00eda de la ceremonia los novios pueden disfrutar del c\u00f3ctel con sus invitados sin el estr\u00e9s del apretado horario. La postboda normalmente la planificamos para que se desarrolle en una tarde entera y lleguemos hasta el momento m\u00e1gico del atardecer, si tenemos que desplazarnos muchos kil\u00f3metros utilizamos el d\u00eda entero.<\/p>\n<p style=\"text-align: justify;\">.- \u00bfQue otras cosas tenemos en cuenta el d\u00eda de vuestra boda? Pues realmente no dejamos al azar nada, o casi nada. Nos gusta estar al tanto de todo lo que pueda ocurrir, los momentos en los que os acercar\u00e9is a los invitados durante el banquete a la entrega de regalos, a qui\u00e9n le entregar\u00e1 la novia el ramo, si hay una coreograf\u00eda especial en el baile nupcial, cuando y donde haremos las fotos de familia y de grupo&#8230;<\/p>\n<p><img loading=\"lazy\" decoding=\"async\" class=\"size-full wp-image-5311 aligncenter\" src=\"https:\/\/www.estudio5con6.es\/wp-content\/uploads\/2016\/05\/IMG_5822.jpg\" alt=\"\" width=\"1160\" height=\"773\" srcset=\"https:\/\/www.estudio5con6.es\/wp-content\/uploads\/2016\/05\/IMG_5822.jpg 1160w, https:\/\/www.estudio5con6.es\/wp-content\/uploads\/2016\/05\/IMG_5822-300x200.jpg 300w, https:\/\/www.estudio5con6.es\/wp-content\/uploads\/2016\/05\/IMG_5822-768x512.jpg 768w, https:\/\/www.estudio5con6.es\/wp-content\/uploads\/2016\/05\/IMG_5822-1024x682.jpg 1024w, https:\/\/www.estudio5con6.es\/wp-content\/uploads\/2016\/05\/IMG_5822-1024x682-450x300.jpg 450w\" sizes=\"auto, (max-width: 1160px) 100vw, 1160px\" \/><\/p>\n<p style=\"text-align: justify;\">EN UNA SESI\u00d3N DE RECI\u00c9N NACIDO<\/p>\n<p style=\"text-align: justify;\">.- Deb\u00e9is saber que para realizar con \u00e9xito una sesi\u00f3n con un reci\u00e9n nacido debemos planificarla entre el s\u00e9ptimo y el decimoquinto d\u00eda de su nacimiento. A partir de la segunda semana ya es m\u00e1s dif\u00edcil dormirlos y su movilidad ha aumentado exponencialmente, lo que impedir\u00e1 conseguir los posados que buscamos.<\/p>\n<p style=\"text-align: justify;\">.- La sesi\u00f3n siempre la realizamos en vuestras casas, para garantizar una mayor comodidad de los papas y estado de relajaci\u00f3n de los beb\u00e9s, por lo que en la mayor\u00eda de los casos realizaremos las fotos por la ma\u00f1ana e inmediatamente despu\u00e9s de una de las tomas de los peque\u00f1os. Tened en cuenta que nuestro objetivo principal es que se duerman para conseguir los posados que buscamos. As\u00ed que armaros de paciencia porque nosotros ya estamos acostumbrados a alargar estas sesiones, de hecho nunca marcamos un horario espec\u00edfico, nos marcharemos cuando hayamos conseguido nuestro objetivo o en su defecto cuando los beb\u00e9s o los pap\u00e1s nos lo pidan.<\/p>\n<p style=\"text-align: justify;\">.- Os visitamos d\u00edas antes de la sesi\u00f3n para decidir el lugar id\u00f3neo en vuestras casas. Si podemos buscaremos la luz natural, grandes ventanales, balcones y lugares luminosos. Si no es as\u00ed, por las condiciones de vuestros hogares nosotros pondremos la iluminaci\u00f3n necesaria.<\/p>\n<p><img loading=\"lazy\" decoding=\"async\" class=\"size-full wp-image-5314 aligncenter\" src=\"https:\/\/www.estudio5con6.es\/wp-content\/uploads\/2016\/05\/IMG_3052.jpg\" alt=\"\" width=\"1160\" height=\"598\" srcset=\"https:\/\/www.estudio5con6.es\/wp-content\/uploads\/2016\/05\/IMG_3052.jpg 1160w, https:\/\/www.estudio5con6.es\/wp-content\/uploads\/2016\/05\/IMG_3052-300x155.jpg 300w, https:\/\/www.estudio5con6.es\/wp-content\/uploads\/2016\/05\/IMG_3052-768x396.jpg 768w, https:\/\/www.estudio5con6.es\/wp-content\/uploads\/2016\/05\/IMG_3052-1024x528.jpg 1024w\" sizes=\"auto, (max-width: 1160px) 100vw, 1160px\" \/><\/p>\n<p style=\"text-align: justify;\">EN UNA SESI\u00d3N DE FAMILIA, DE PREMAM\u00c1 O DE NI\u00d1OS a partir de 3 meses:<\/p>\n<p style=\"text-align: justify;\">.- Todas las sesiones de fotos las planteamos de una hora de duraci\u00f3n como m\u00e1ximo, aunque jam\u00e1s daremos por terminada una sesi\u00f3n si no tenemos material fotogr\u00e1fico suficiente para nuestro fin, sobre todo en el caso de sesiones con ni\u00f1os, nunca se sabe lo que puede ocurrir y el tiempo que necesitaremos para seguir los buenos posados.<\/p>\n<p style=\"text-align: justify;\">.- Dejamos a vuestra elecci\u00f3n la realizaci\u00f3n de la sesi\u00f3n en estudio o en exteriores, siendo evidente el hacerlo en exteriores cuando las familias son numerosas.<\/p>\n<p style=\"text-align: justify;\">.- Planificaremos el d\u00eda, la hora y la localizaci\u00f3n de exteriores y hasta el n\u00famero de cambios de ropa que pod\u00e9is realizar. En el caso de sesiones infantiles siempre recomendamos que nos traig\u00e1is juguetes, peluches y complementos de los ni\u00f1os para personalizar m\u00e1s las fotos.<\/p>\n<div id=\"themify_builder_content-5015\" data-postid=\"5015\" class=\"themify_builder_content themify_builder_content-5015 themify_builder themify_builder_front\">\n\n\t<\/div>\n<!-- \/themify_builder_content -->","protected":false},"excerpt":{"rendered":"<p>EN UN REPORTAJE DE BODA: .- Cubrimos las bodas completas, os acompa\u00f1amos todo el d\u00eda, ya sea en ceremonias de ma\u00f1ana o de tarde. .- Comenzamos en casa del novio, para pasar a casa de la novia y dirigirnos a la ceremonia. A continuaci\u00f3n realizaremos el reportaje fotogr\u00e1fico, si no hab\u00e9is elegido la opci\u00f3n de [&hellip;]<\/p>\n","protected":false},"author":1,"featured_media":0,"parent":5011,"menu_order":0,"comment_status":"closed","ping_status":"closed","template":"","meta":{"footnotes":""},"class_list":["post-5015","page","type-page","status-publish","hentry","has-post-title","no-post-date","has-post-category","has-post-tag","has-post-comment","has-post-author"],"_links":{"self":[{"href":"https:\/\/www.estudio5con6.es\/index.php\/wp-json\/wp\/v2\/pages\/5015","targetHints":{"allow":["GET"]}}],"collection":[{"href":"https:\/\/www.estudio5con6.es\/index.php\/wp-json\/wp\/v2\/pages"}],"about":[{"href":"https:\/\/www.estudio5con6.es\/index.php\/wp-json\/wp\/v2\/types\/page"}],"author":[{"embeddable":true,"href":"https:\/\/www.estudio5con6.es\/index.php\/wp-json\/wp\/v2\/users\/1"}],"replies":[{"embeddable":true,"href":"https:\/\/www.estudio5con6.es\/index.php\/wp-json\/wp\/v2\/comments?post=5015"}],"version-history":[{"count":8,"href":"https:\/\/www.estudio5con6.es\/index.php\/wp-json\/wp\/v2\/pages\/5015\/revisions"}],"predecessor-version":[{"id":13641,"href":"https:\/\/www.estudio5con6.es\/index.php\/wp-json\/wp\/v2\/pages\/5015\/revisions\/13641"}],"up":[{"embeddable":true,"href":"https:\/\/www.estudio5con6.es\/index.php\/wp-json\/wp\/v2\/pages\/5011"}],"wp:attachment":[{"href":"https:\/\/www.estudio5con6.es\/index.php\/wp-json\/wp\/v2\/media?parent=5015"}],"curies":[{"name":"wp","href":"https:\/\/api.w.org\/{rel}","templated":true}]}}